{"id":81,"date":"2010-05-23T12:10:16","date_gmt":"2010-05-23T12:10:16","guid":{"rendered":"\/?page_id=81"},"modified":"2025-09-12T13:03:56","modified_gmt":"2025-09-12T13:03:56","slug":"villkor-och-regler-for-barnens-gymnastikskola","status":"publish","type":"page","link":"https:\/\/nykoping.jonasmelchersonlab.se\/en\/kurser-for-barn\/villkor-och-regler-for-barnens-gymnastikskola\/","title":{"rendered":"Villkor och regler f\u00f6r Barnens Gymnastikskola"},"content":{"rendered":"<h4>1. Notification<\/h4>\n<p>Anm\u00e4lan g\u00f6rs p\u00e5 v\u00e5r hemsida, via mail eller per telefon. Erbjudande om plats mailas till anm\u00e4laren. N\u00e4r anm\u00e4lan bekr\u00e4ftas via l\u00e4nken som bifogas gruppf\u00f6rslaget blir anm\u00e4lan bindande. Barnens Gymnastikskola f\u00f6rbeh\u00e5ller sig r\u00e4tten att justera tiden som framg\u00e5tt av gruppf\u00f6rslaget med upp till 10 minuter samt vid behov byta lokal.<\/p>\n<p>Anm\u00e4laren \u00e4r betalningsskyldig gentemot Barnens Gymnastikskola och skall uppge sin hemadress i anm\u00e4lan, oavsett var barnet \u00e4r folkbokf\u00f6rt. Vid flytt under p\u00e5g\u00e5ende period skall den nya hemadressen meddelas till Barnens Gymnastikskola.<\/p>\n<p>F\u00f6r kurserna Gymnastik grundtr\u00e4ning \u00c4ldre, Gymnastik forts\u00e4ttning och Gymnastik Avancerad utg\u00e5r inf\u00f6r h\u00f6stterminen en anm\u00e4lningsavgift p\u00e5 570 kr. Anm\u00e4lningsavgiften ska betalas i samband med (inom 48 timmar) att man bekr\u00e4ftar anm\u00e4lan via formul\u00e4ret.<\/p>\n<p>Villkoren g\u00e4ller \u00e4ven vid vidareanm\u00e4lningar under l\u00e4s\u00e5ret.<\/p>\n<h4>2. Payment<\/h4>\n<p>Betalningen g\u00f6rs till bg 418-4255, alternativt till swishnummer 123\u00a0537 68 27 (Barnens Gymnastikskola), ange barnets namn och kurskod enligt kallelsen, vilken alltid s\u00e4nds via mail. Betalningen ska vara oss till handa innan kursstart, f\u00f6rfallodatum framg\u00e5r av kallelsen till kursen. Vid betalning efter f\u00f6rfallodagen p\u00e5f\u00f6rs en p\u00e5minnelseavgift om 60 kr f\u00f6r p\u00e5minnelse 1 och d\u00e4refter 60 kr vid p\u00e5minnelse 2, samt debiteras dr\u00f6jsm\u00e5lsr\u00e4nta enligt g\u00e4llande r\u00e4ntelag. B\u00e5da p\u00e5minnelserna skickas till den mailadress som uppgetts vid anm\u00e4lan. Vid anm\u00e4lan till p\u00e5g\u00e5ende kurs skall betalning ske i samband med anm\u00e4lan (inom 48 timmar).<\/p>\n<h4>3. Deregistration<\/h4>\n<p><strong>a) Courses of eight occasions.<\/strong><br \/>Avanm\u00e4lan m\u00e5ste g\u00f6ras senast tv\u00e5 veckor (14 dagar) innan kursstart och sker via mail till nykoping@barnensgymnastikskola.se. Har avanm\u00e4lan gjorts i tid debiteras ingen avgift. Avanm\u00e4lan fram till en vecka (13-7 dagar) f\u00f6re kursstart debiteras en avanm\u00e4lningsavgift om 570 kr, vid avanm\u00e4lan senare \u00e4n en vecka (6 dagar eller mindre) f\u00f6re kursstart debiteras full avgift.<\/p>\n<p><strong> b) Courses of sixteen sessions (or fewer, however, full term).<br \/><\/strong>F\u00f6r kurserna Gymnastik grundtr\u00e4ning \u00c4ldre, Gymnastik forts\u00e4ttning och Gymnastik Avancerad framg\u00e5r avanm\u00e4lningsreglerna av det via mail erh\u00e5llna gruppf\u00f6rslaget och kallelsen. Vid anm\u00e4lan till p\u00e5g\u00e5ende kurs blir anm\u00e4lan direkt bindande och anm\u00e4laren avs\u00e4ger sig i samband med detta ocks\u00e5 sin \u00e5ngerr\u00e4tt.<\/p>\n<h4>4. Illness\/injury<\/h4>\n<p>Sjukdom vid enstaka tillf\u00e4llen kompenseras ej. Vid l\u00e4ngre sjukdom\/skada kr\u00e4vs l\u00e4karintyg som styrker att gymnastikaktivitet inte \u00e4r l\u00e4mplig. Fr\u00e5n det datum skadan rapporterats till Barnens Gymnastikskola via mail till \u00e5terg\u00e5ng p\u00e5 kursen kan kursen frysas och motsvarande andel av kursavgiften (exklusive administrativ avgift om 150 kr) sparas som ett tillgodobelopp f\u00f6r delbetalning till n\u00e4rmast p\u00e5f\u00f6ljande kursomg\u00e5ng. Tillgodobeloppet \u00e4r personligt f\u00f6r den skadade gymnasten. Efterdaterade l\u00e4karintyg godk\u00e4nnes ej. L\u00e4karintyget skall vara Barnens Gymnastikskola tillhanda senast en m\u00e5nad (max 31 dagar) efter sjuk-\/skadeanm\u00e4lan.<\/p>\n<h4>5. Refund<\/h4>\n<p>\u00c5terbetalning sker endast i de fall d\u00e4r avanm\u00e4lan skett enligt villkoren f\u00f6r avanm\u00e4lan. Vid l\u00e4karintyg p\u00e5 att kursen inte kan fullf\u00f6ljas kan \u00e5terst\u00e5ende kursavgift sparas som delbetalning till n\u00e4rmast p\u00e5f\u00f6ljande kursomg\u00e5ng. Anm\u00e4lningsavgiften avseende Gymnastik grundtr\u00e4ning \u00c4ldre, Gymnastik forts\u00e4ttning och Gymnastik Avancerad \u00e5terbetalas ej<\/p>\n<h4>6. Insurance<\/h4>\n<p>Ditt barn omfattas genom Barnens Gymnastikskola av Folksams Idrottsf\u00f6rs\u00e4kring. Detta ger ett grundskydd, men varje familj uppmanas \u00e4nd\u00e5 att se \u00f6ver sitt f\u00f6rs\u00e4kringsskydd<\/p>\n<h4>7. Equipment<\/h4>\n<p>P\u00e5 kurserna Gymnastik grundtr\u00e4ning, Gymnastik grundtr\u00e4ning \u00c4ldre, Gymnastik forts\u00e4ttning och Gymnastik Avancerad har vi krav p\u00e5 gymnastikdr\u00e4kt\/body. Det finns flera alternativ i Liding\u00f6 Gymnastikskolas webshop f\u00f6r b\u00e5de pojkar och flickor. Vid best\u00e4llning i webshopen levererar Barnens Gymnastikskola kl\u00e4derna till barnets lektion efter \u00f6verenskommelse. H\u00e5ret skall vara ordentligt uppsatt. Detta av b\u00e5de instruktions- och s\u00e4kerhetssk\u00e4l.<\/p>\n<p>P\u00e5 \u00f6vriga kurser ska barnen helst ha p\u00e5 sig gymnastikdr\u00e4kt\/body alternativt tights och t-shirt\/linne. Dessa ska inte vara f\u00f6r stora, utan s\u00e5 \u00e5tsittande som m\u00f6jligt. Prova hemma om kl\u00e4derna sitter kvar p\u00e5 kroppen n\u00e4r barnet \u00e4r upp och ner. F\u00f6r att kunna se att r\u00f6relserna utf\u00f6rs korrekt och f\u00f6r s\u00e4kerhet vid assistans kr\u00e4vs att kl\u00e4derna \u00e4r \u00e5tsittande. Det st\u00f6r ocks\u00e5 barnens koncentration om det finns on\u00f6digt tyg som fladdrar omkring n\u00e4r de g\u00f6r m\u00e5nga motoriska \u00f6vningar, vilket p\u00e5verkar s\u00e4kerheten. Detsamma g\u00e4ller f\u00f6r balettdr\u00e4kter med kjolar, vilka inte \u00e4r l\u00e4mpliga f\u00f6r gymnastiktr\u00e4ning. L\u00e5ngt h\u00e5r ska vara ordentligt uppsatt med snodd\/-ar och h\u00e5rsp\u00e4nnen. Undvik diadem.<\/p>\n<p>Barnen \u00e4r l\u00e4mpligast barfota p\u00e5 gymnastiken, om n\u00e5gon form av sko \u00e4nd\u00e5 \u00f6nskas, rekommenderas en tunn sko med gummisula (ej l\u00e4dersula!), en s\u00e5 kallad hoppsko. Exempelvis\u00a0<a href=\"https:\/\/www.verasport.se\/skor\/artistisk-gymnastik\/juniorsko-405\">Junior shoe IWA-405<\/a> or <a href=\"https:\/\/www.verasport.se\/skor\/artistisk-gymnastik\/elitsko-503\">Elite shoe DMT IWA-503<\/a> at<br \/>Vera Sport: www.verasport.se.<\/p>\n<h4>8. Spectators, parents and siblings<\/h4>\n<p>F\u00f6r\u00e4ldrar och andra vuxna f\u00e5r n\u00e4rvara vid lektionerna, men f\u00e5r ocks\u00e5 g\u00e4rna l\u00e4mna sina barn p\u00e5 lektionen. M\u00e5let \u00e4r att barnen ska k\u00e4nna sig trygga och kunna gymnastisera p\u00e5 egen hand och vara koncentrerade. Prova vad som passar ditt barn b\u00e4st. Detta varierar \u00f6ver tid och beror p\u00e5 var ditt barn befinner sig i sin utvecklingsfas.<\/p>\n<p>F\u00f6r\u00e4ldrar som tittar p\u00e5 ombedes vara tysta under lektionen. Mobiltelefoner skall vara p\u00e5 ljudl\u00f6st l\u00e4ge. Beh\u00f6ver man ta ett samtal s\u00e5 g\u00f6r man det utanf\u00f6r gymnastiksalen. Beh\u00f6ver man sitta och jobba med sin dator g\u00f6rs detta med f\u00f6rdel i omkl\u00e4dningsrummet.<\/p>\n<p>Syskon\/kompisar f\u00e5r inte n\u00e4rvara under lektionen. I det fall syskon m\u00e5ste medf\u00f6lja kan man med f\u00f6rdel vara utomhus eller i omkl\u00e4dningsrummet med syskonet. Detta g\u00e4ller \u00e4ven sp\u00e4dbarn.<\/p>\n<p>Kurserna Rytmikgymnastik och Mikrogymnastik genomf\u00f6rs tillsammans med en f\u00f6r\u00e4lder eller annan vuxen. Tvillingar beh\u00f6ver d\u00e5 ha tv\u00e5 vuxna n\u00e4rvarande.<\/p>\n<h4>9. Miscellaneous<\/h4>\n<p>Barnens Gymnastikskola f\u00f6rbeh\u00e5ller sig r\u00e4tten att \u00e4ndra tid, plats och pedagoger om s\u00e5 blir n\u00f6dv\u00e4ndigt. F\u00f6r kl\u00e4der och personliga tillh\u00f6righeter ansvaras inte.<\/p>\n<p>Barnens Gymnastikskola erbjuder inte att ta igen missade lektioner. Tid och plats f\u00f6r kursen framg\u00e5r av kallelsen, det \u00e5ligger anm\u00e4laren att notera tiden som uppges i kallelsen, s\u00e5 att barnet kommer till r\u00e4tt grupp.<\/p>\n<p>V\u00e4nligen meddela via mail om ditt barn inte kan deltaga p\u00e5 f\u00f6rsta lektionen. Kommande tillf\u00e4llen beh\u00f6ver man inte h\u00f6ra av sig vid fr\u00e5nvaro, men vet man om att man kommer vara borta n\u00e4stkommande lektion f\u00e5r man g\u00e4rna meddela pedagogerna p\u00e5 plats.<\/p>\n\n\n<p><\/p>","protected":false},"excerpt":{"rendered":"<p>1. \u00a0Anm\u00e4lan Anm\u00e4lan g\u00f6rs p\u00e5 v\u00e5r hemsida, via mail eller per telefon. Erbjudande om plats mailas till anm\u00e4laren. N\u00e4r anm\u00e4lan bekr\u00e4ftas via l\u00e4nken som bifogas gruppf\u00f6rslaget blir anm\u00e4lan bindande. Barnens Gymnastikskola f\u00f6rbeh\u00e5ller sig r\u00e4tten att justera tiden som framg\u00e5tt av gruppf\u00f6rslaget med upp till 10 minuter samt vid behov byta lokal. Anm\u00e4laren \u00e4r betalningsskyldig gentemot [&hellip;]<\/p>","protected":false},"author":140,"featured_media":0,"parent":5,"menu_order":45,"comment_status":"closed","ping_status":"closed","template":"","meta":{"_acf_changed":false,"footnotes":""},"categories":[10],"tags":[],"sidmall":[],"class_list":["post-81","page","type-page","status-publish","hentry","category-praktiskt-kring-barnkurserna"],"acf":[],"_links":{"self":[{"href":"https:\/\/nykoping.jonasmelchersonlab.se\/en\/wp-json\/wp\/v2\/pages\/81","targetHints":{"allow":["GET"]}}],"collection":[{"href":"https:\/\/nykoping.jonasmelchersonlab.se\/en\/wp-json\/wp\/v2\/pages"}],"about":[{"href":"https:\/\/nykoping.jonasmelchersonlab.se\/en\/wp-json\/wp\/v2\/types\/page"}],"author":[{"embeddable":true,"href":"https:\/\/nykoping.jonasmelchersonlab.se\/en\/wp-json\/wp\/v2\/users\/140"}],"replies":[{"embeddable":true,"href":"https:\/\/nykoping.jonasmelchersonlab.se\/en\/wp-json\/wp\/v2\/comments?post=81"}],"version-history":[{"count":1,"href":"https:\/\/nykoping.jonasmelchersonlab.se\/en\/wp-json\/wp\/v2\/pages\/81\/revisions"}],"predecessor-version":[{"id":13447,"href":"https:\/\/nykoping.jonasmelchersonlab.se\/en\/wp-json\/wp\/v2\/pages\/81\/revisions\/13447"}],"up":[{"embeddable":true,"href":"https:\/\/nykoping.jonasmelchersonlab.se\/en\/wp-json\/wp\/v2\/pages\/5"}],"wp:attachment":[{"href":"https:\/\/nykoping.jonasmelchersonlab.se\/en\/wp-json\/wp\/v2\/media?parent=81"}],"wp:term":[{"taxonomy":"category","embeddable":true,"href":"https:\/\/nykoping.jonasmelchersonlab.se\/en\/wp-json\/wp\/v2\/categories?post=81"},{"taxonomy":"post_tag","embeddable":true,"href":"https:\/\/nykoping.jonasmelchersonlab.se\/en\/wp-json\/wp\/v2\/tags?post=81"},{"taxonomy":"sidmall","embeddable":true,"href":"https:\/\/nykoping.jonasmelchersonlab.se\/en\/wp-json\/wp\/v2\/sidmall?post=81"}],"curies":[{"name":"wp","href":"https:\/\/api.w.org\/{rel}","templated":true}]}}