{"id":57,"date":"2010-05-17T20:04:58","date_gmt":"2010-05-17T20:04:58","guid":{"rendered":"\/?page_id=57"},"modified":"2025-09-15T18:28:46","modified_gmt":"2025-09-15T18:28:46","slug":"jobba-hos-oss","status":"publish","type":"page","link":"https:\/\/nykoping.jonasmelchersonlab.se\/en\/om-barnens-gymnastikskola\/vara-pedagoger\/jobba-hos-oss\/","title":{"rendered":"Work with us!"},"content":{"rendered":"<p>Nu s\u00f6ker vi fler gymnastikpedagoger och ledarassistenter till l\u00e4s\u00e5ret 2025\/2026 med arbetsplats i antingen Vagnh\u00e4rad eller Nyk\u00f6ping! Vi s\u00f6ker dig som har ett passionerat intresse f\u00f6r och egen erfarenhet inom gymnastik, idrott, barn och ledarskap. Du \u00e4lskar att jobba med barn och se dem utvecklas. Du beh\u00f6ver ocks\u00e5 vara en fena p\u00e5 probleml\u00f6sning, en god pedagog, kommunikat\u00f6r och gilla att jobba i team. Vi jobbar alltid tv\u00e5 eller tre pedagoger tillsammans.<\/p>\n<p>Tj\u00e4nsterna omfattar tre till sex lektioner per vecka och man jobbar alltid minst 2-3 lektioner i rad. Arbetet \u00e4r f\u00f6rlagt till eftermiddag\/tidig kv\u00e4ll p\u00e5 vardagar samt f\u00f6rmiddagar p\u00e5 helger och \u00e4r d\u00e4rf\u00f6r perfekt att kombinera med studier eller annat deltidsjobb. Vi \u00e4r i nul\u00e4get 20 pedagoger som har v\u00e4rldens roligaste och mest givande jobb!<\/p>\n<p>Du kommer f\u00e5 utbildning i allt fr\u00e5n ledarskap och kommunikation, s\u00e5 v\u00e4l som i barns utveckling, pedagogik och gymnastikteknik. F\u00f6r n\u00e4rvarande har vi n\u00e4rmare 350 barn i \u00e5ldrarna 1,5 till 14 \u00e5r i v\u00e5ra grupper i Nyk\u00f6ping och Vagnh\u00e4rad.<\/p>\n<p>L\u00e5ter det h\u00e4r som klippt och skuret f\u00f6r dig? Maila i s\u00e5 fall din ans\u00f6kan, best\u00e5ende av CV och personligt brev, till v\u00e5r VD Carina Dillenbeck p\u00e5 nykoping@barnensgymnastikskola.se<\/p>\n<p>Varmt v\u00e4lkommen med din ans\u00f6kan!<\/p>\n<div id=\"skype_c2c_menu_container\" class=\"skype_c2c_menu_container notranslate\" style=\"left: 593.017px; top: 602.517px; display: none;\">\n<div class=\"skype_c2c_menu_click2call\"><a id=\"skype_c2c_menu_click2call_action\" class=\"skype_c2c_menu_click2call_action\" target=\"_self\" rel=\"noopener noreferrer\"><\/a>Call<\/div>\n<div class=\"skype_c2c_menu_click2sms\"><a id=\"skype_c2c_menu_click2sms_action\" class=\"skype_c2c_menu_click2sms_action\" target=\"_self\" rel=\"noopener noreferrer\"><\/a>Send SMS<\/div>\n<div class=\"skype_c2c_menu_push_to_mobile\"><a id=\"skype_c2c_menu_push_to_mobile_action\" class=\"skype_c2c_menu_push_to_mobile_action\" target=\"_blank\" rel=\"noopener noreferrer\"><\/a>Call from mobile<\/div>\n<div class=\"skype_c2c_menu_add2skype\"><a id=\"skype_c2c_menu_add2skype_text\" class=\"skype_c2c_menu_add2skype_text\" target=\"_self\" rel=\"noopener noreferrer\"><\/a>Add to Skype<\/div>\n<div class=\"skype_c2c_menu_toll_info\"><span class=\"skype_c2c_menu_toll_callcredit\">You&#039;ll need Skype Credit<\/span><span class=\"skype_c2c_menu_toll_free\">Free via Skype<\/span><\/div>\n<\/div>","protected":false},"excerpt":{"rendered":"<p>Nu s\u00f6ker vi fler gymnastikpedagoger och ledarassistenter till l\u00e4s\u00e5ret 2025\/2026 med arbetsplats i antingen Vagnh\u00e4rad eller Nyk\u00f6ping! Vi s\u00f6ker dig som har ett passionerat intresse f\u00f6r och egen erfarenhet inom gymnastik, idrott, barn och ledarskap. Du \u00e4lskar att jobba med barn och se dem utvecklas. Du beh\u00f6ver ocks\u00e5 vara en fena p\u00e5 probleml\u00f6sning, en god [&hellip;]<\/p>","protected":false},"author":156,"featured_media":13469,"parent":51,"menu_order":41,"comment_status":"closed","ping_status":"closed","template":"","meta":{"_acf_changed":false,"footnotes":""},"categories":[261],"tags":[],"sidmall":[253],"class_list":["post-57","page","type-page","status-publish","has-post-thumbnail","hentry","category-om-oss","sidmall-bild-topp-kraver-bild-med-minst-1920-pixlar-bredd"],"acf":[],"_links":{"self":[{"href":"https:\/\/nykoping.jonasmelchersonlab.se\/en\/wp-json\/wp\/v2\/pages\/57","targetHints":{"allow":["GET"]}}],"collection":[{"href":"https:\/\/nykoping.jonasmelchersonlab.se\/en\/wp-json\/wp\/v2\/pages"}],"about":[{"href":"https:\/\/nykoping.jonasmelchersonlab.se\/en\/wp-json\/wp\/v2\/types\/page"}],"author":[{"embeddable":true,"href":"https:\/\/nykoping.jonasmelchersonlab.se\/en\/wp-json\/wp\/v2\/users\/156"}],"replies":[{"embeddable":true,"href":"https:\/\/nykoping.jonasmelchersonlab.se\/en\/wp-json\/wp\/v2\/comments?post=57"}],"version-history":[{"count":2,"href":"https:\/\/nykoping.jonasmelchersonlab.se\/en\/wp-json\/wp\/v2\/pages\/57\/revisions"}],"predecessor-version":[{"id":13552,"href":"https:\/\/nykoping.jonasmelchersonlab.se\/en\/wp-json\/wp\/v2\/pages\/57\/revisions\/13552"}],"up":[{"embeddable":true,"href":"https:\/\/nykoping.jonasmelchersonlab.se\/en\/wp-json\/wp\/v2\/pages\/51"}],"wp:featuredmedia":[{"embeddable":true,"href":"https:\/\/nykoping.jonasmelchersonlab.se\/en\/wp-json\/wp\/v2\/media\/13469"}],"wp:attachment":[{"href":"https:\/\/nykoping.jonasmelchersonlab.se\/en\/wp-json\/wp\/v2\/media?parent=57"}],"wp:term":[{"taxonomy":"category","embeddable":true,"href":"https:\/\/nykoping.jonasmelchersonlab.se\/en\/wp-json\/wp\/v2\/categories?post=57"},{"taxonomy":"post_tag","embeddable":true,"href":"https:\/\/nykoping.jonasmelchersonlab.se\/en\/wp-json\/wp\/v2\/tags?post=57"},{"taxonomy":"sidmall","embeddable":true,"href":"https:\/\/nykoping.jonasmelchersonlab.se\/en\/wp-json\/wp\/v2\/sidmall?post=57"}],"curies":[{"name":"wp","href":"https:\/\/api.w.org\/{rel}","templated":true}]}}