{"id":5421,"date":"2021-09-02T07:01:28","date_gmt":"2021-09-02T07:01:28","guid":{"rendered":"http:\/\/barnensgymnastikskola.se\/?page_id=5421"},"modified":"2025-09-15T18:36:27","modified_gmt":"2025-09-15T18:36:27","slug":"lager","status":"publish","type":"page","link":"https:\/\/nykoping.jonasmelchersonlab.se\/en\/lager\/","title":{"rendered":"Camp"},"content":{"rendered":"<p>Vi anordnar l\u00e4ger under b\u00e5de h\u00f6stlovet och sommarlovet, vissa \u00e5r \u00e4ven p\u00e5 sportlovet. H\u00f6stlovsl\u00e4gret och sportlovsl\u00e4gret v\u00e4nder sig till v\u00e5ra gymnaster som g\u00e5r n\u00e5gon av kurserna Gymnastik forts\u00e4ttning och Gymnastik avancerad. <\/p>\n\n\n\n<p>At our larger summer camp in weeks 25 and 26, children who have completed basic gymnastics training can also participate.<\/p>\n\n\n\n<p>L\u00e4s mer om respektive l\u00e4ger nedan!<\/p>\n\n\n\n<p><a href=\"\/en\/hostlovslager\/\">Fall break camp week 44<\/a><\/p>\n\n\n\n<p><a href=\"https:\/\/nykoping.jonasmelchersonlab.se\/en\/sommarlager\/\" data-type=\"page\" data-id=\"4633\">Sommarl\u00e4ger v 25 och v 26<\/a><\/p>\n\n\n\n<figure class=\"wp-block-image size-large\"><img decoding=\"async\" src=\"http:\/\/media.barnensgymnastikskola.se\/Axelt\u00f6j-ute-3-1024x768.jpg\" alt=\"\" class=\"wp-image-5445\"\/><\/figure>\n\n\n\n<figure class=\"wp-block-image size-large\"><img decoding=\"async\" src=\"http:\/\/media.barnensgymnastikskola.se\/received_275611583900454-768x1024.jpeg\" alt=\"\" class=\"wp-image-5446\"\/><\/figure>\n\n\n\n<figure class=\"wp-block-image size-large\"><img decoding=\"async\" src=\"http:\/\/media.barnensgymnastikskola.se\/Sommarl\u00e4ger-2019-kompiskullerbyttor-1024x768.jpg\" alt=\"\" class=\"wp-image-5447\"\/><\/figure>","protected":false},"excerpt":{"rendered":"<p>Vi anordnar l\u00e4ger under b\u00e5de h\u00f6stlovet och sommarlovet, vissa \u00e5r \u00e4ven p\u00e5 sportlovet. H\u00f6stlovsl\u00e4gret och sportlovsl\u00e4gret v\u00e4nder sig till v\u00e5ra gymnaster som g\u00e5r n\u00e5gon av kurserna Gymnastik forts\u00e4ttning och Gymnastik avancerad. P\u00e5 v\u00e5rt st\u00f6rre sommarl\u00e4ger v 25 och v 26 kan \u00e4ven barn som g\u00e5tt Gymnastik grundtr\u00e4ning delta. L\u00e4s mer om respektive l\u00e4ger nedan! H\u00f6stlovsl\u00e4ger [&hellip;]<\/p>","protected":false},"author":156,"featured_media":13554,"parent":0,"menu_order":3,"comment_status":"closed","ping_status":"closed","template":"","meta":{"_acf_changed":false,"footnotes":""},"categories":[16],"tags":[],"sidmall":[253],"class_list":["post-5421","page","type-page","status-publish","has-post-thumbnail","hentry","category-service-och-information","sidmall-bild-topp-kraver-bild-med-minst-1920-pixlar-bredd"],"acf":[],"_links":{"self":[{"href":"https:\/\/nykoping.jonasmelchersonlab.se\/en\/wp-json\/wp\/v2\/pages\/5421","targetHints":{"allow":["GET"]}}],"collection":[{"href":"https:\/\/nykoping.jonasmelchersonlab.se\/en\/wp-json\/wp\/v2\/pages"}],"about":[{"href":"https:\/\/nykoping.jonasmelchersonlab.se\/en\/wp-json\/wp\/v2\/types\/page"}],"author":[{"embeddable":true,"href":"https:\/\/nykoping.jonasmelchersonlab.se\/en\/wp-json\/wp\/v2\/users\/156"}],"replies":[{"embeddable":true,"href":"https:\/\/nykoping.jonasmelchersonlab.se\/en\/wp-json\/wp\/v2\/comments?post=5421"}],"version-history":[{"count":2,"href":"https:\/\/nykoping.jonasmelchersonlab.se\/en\/wp-json\/wp\/v2\/pages\/5421\/revisions"}],"predecessor-version":[{"id":13555,"href":"https:\/\/nykoping.jonasmelchersonlab.se\/en\/wp-json\/wp\/v2\/pages\/5421\/revisions\/13555"}],"wp:featuredmedia":[{"embeddable":true,"href":"https:\/\/nykoping.jonasmelchersonlab.se\/en\/wp-json\/wp\/v2\/media\/13554"}],"wp:attachment":[{"href":"https:\/\/nykoping.jonasmelchersonlab.se\/en\/wp-json\/wp\/v2\/media?parent=5421"}],"wp:term":[{"taxonomy":"category","embeddable":true,"href":"https:\/\/nykoping.jonasmelchersonlab.se\/en\/wp-json\/wp\/v2\/categories?post=5421"},{"taxonomy":"post_tag","embeddable":true,"href":"https:\/\/nykoping.jonasmelchersonlab.se\/en\/wp-json\/wp\/v2\/tags?post=5421"},{"taxonomy":"sidmall","embeddable":true,"href":"https:\/\/nykoping.jonasmelchersonlab.se\/en\/wp-json\/wp\/v2\/sidmall?post=5421"}],"curies":[{"name":"wp","href":"https:\/\/api.w.org\/{rel}","templated":true}]}}