{"id":5401,"date":"2021-08-23T12:28:35","date_gmt":"2021-08-23T12:28:35","guid":{"rendered":"http:\/\/barnensgymnastikskola.se\/?page_id=5401"},"modified":"2021-08-23T12:28:35","modified_gmt":"2021-08-23T12:28:35","slug":"hostlovslager","status":"publish","type":"page","link":"https:\/\/nykoping.jonasmelchersonlab.se\/en\/hostlovslager\/","title":{"rendered":"Fall break camp week 44"},"content":{"rendered":"<figure class=\"wp-block-image size-large\"><img decoding=\"async\" src=\"http:\/\/media.barnensgymnastikskola.se\/received_460852448445976-1024x768.jpeg\" alt=\"\" class=\"wp-image-5427\" \/><\/figure>\n\n\n\n<h3 class=\"wp-block-heading\">Dagl\u00e4ger 27-29 oktober 2025<\/h3>\n\n\n\n<p><strong>Dagl\u00e4ger f\u00f6r barn f\u00f6dda 2011-2019 som g\u00e5r Gymnastik grundtr\u00e4ning \u00c4ldre, Gymnastik forts\u00e4ttning och Gymnastik avancerad<\/strong>.<\/p>\n\n\n\n<p>Att vara p\u00e5 l\u00e4ger \u00e4r fantastiskt roligt! Barnen mognar och utvecklas genom att vara p\u00e5 l\u00e4ger, volterna lossnar d\u00e5 de f\u00e5r en stor tr\u00e4ningsm\u00e4ngd, gemenskapen i grupperna \u00f6kar och barnen f\u00e5r nya kompisar. Vi har det helt enkelt b\u00e5de roligt och l\u00e4rorikt!<\/p>\n\n\n\n<p>L\u00e4gret, som p\u00e5g\u00e5r under tre dagar, v\u00e4nder sig till barn i verksamheten som g\u00e5r n\u00e5gon av v\u00e5ra terminskurser. Gymnasterna delas under l\u00e4gret in i mindre grupper efter \u00e5lder och kunskap. H\u00f6stlovsl\u00e4gret \u00e4r ett mindre l\u00e4ger i antalet barn \u00e4n sommarl\u00e4gret, s\u00e5 antalet platser \u00e4r begr\u00e4nsade. <\/p>\n\n\n\n<h3 class=\"has-text-align-center wp-block-heading\">Program<\/h3>\n\n\n\n<p>08.30-09.00 L\u00e4mning L\u00e5ngs\u00e4ttersskolans gymnastiksal<br>09.10 Gymnastiktr\u00e4ning<br>10.15 Fruktpaus<br>10.30 Fortsatt gymnastik<br>11.45 Lunch<br>12.15 Utevistelse<br>13.00 H\u00f6gl\u00e4sning och vila<br>13.30-15.45 Frist\u00e5ende, luftgolv och andra aktiviteter<br>14.30 Snack<br>15.45-16.15 H\u00e4mtning<\/p>\n\n\n\n<h3 class=\"has-text-align-center wp-block-heading\">Signup<\/h3>\n\n\n\n<p>Anm\u00e4l ditt barn via anm\u00e4lningsformul\u00e4ret nedan. N\u00e4r anm\u00e4lan kommit in kommer du att f\u00e5 ett mail med bekr\u00e4ftelse och mer information. Antalet platser \u00e4r begr\u00e4nsat.<\/p>\n\n\n\n\n\n\n\n<h3 class=\"has-text-align-center wp-block-heading\">Terms<\/h3>\n\n\n\n<p><span style=\"text-decoration: underline\">The registration is binding.<\/span>\u00a0Vid anm\u00e4lan ska en anm\u00e4lningsavgift om 850 kr betalas inom 2 dagar, vilken inte \u00e5terbetalas. Slutbetalningen ska vara betalad senast den 17 oktober. Vid avanm\u00e4lan efter 17 oktober utg\u00e5r full l\u00e4geravgift. Vid skada\/sjukdom \u00e5terbetalas l\u00e4geravgiften (med avdrag f\u00f6r anm\u00e4lningsavgiften) mot uppvisande av l\u00e4karintyg, fram till 2 dagar innan f\u00f6rsta l\u00e4gerdagen. Efterdaterade l\u00e4karintyg godk\u00e4nnes ej. Efter den 24 oktober g\u00f6rs ingen \u00e5terbetalning. <\/p>\n\n\n\n<h3 class=\"has-text-align-center wp-block-heading\">Camp fee<\/h3>\n\n\n\n<p>2.190 kr (anm\u00e4lningsavgift 850 kr + slutbetalning 1.340 kr) I l\u00e4geravgiften ing\u00e5r pedagoger, gymnastiksal, frukt, lunch, mellanm\u00e5l, pysselmaterial samt \u00f6vriga aktiviteter. <mark style=\"color:#f32121\" class=\"has-inline-color\">Vid anm\u00e4lan efter den 17 oktober betalas hela avgiften inom 48 timmar. <\/mark><\/p>\n\n\n\n<figure class=\"wp-block-image size-large\"><img decoding=\"async\" src=\"http:\/\/media.barnensgymnastikskola.se\/IMG_20210223_095332-1024x768.jpg\" alt=\"\" class=\"wp-image-5429\" \/><\/figure>\n\n\n\n<figure class=\"wp-block-image size-large\"><a href=\"https:\/\/media.barnensgymnastikskola.se\/20221101_100429-scaled.jpg\"><img decoding=\"async\" src=\"https:\/\/media.barnensgymnastikskola.se\/20221101_100429-768x1024.jpg\" alt=\"\" class=\"wp-image-6197\" \/><\/a><\/figure>","protected":false},"excerpt":{"rendered":"<p>Dagl\u00e4ger 27-29 oktober 2025 Dagl\u00e4ger f\u00f6r barn f\u00f6dda 2011-2019 som g\u00e5r Gymnastik grundtr\u00e4ning \u00c4ldre, Gymnastik forts\u00e4ttning och Gymnastik avancerad. Att vara p\u00e5 l\u00e4ger \u00e4r fantastiskt roligt! Barnen mognar och utvecklas genom att vara p\u00e5 l\u00e4ger, volterna lossnar d\u00e5 de f\u00e5r en stor tr\u00e4ningsm\u00e4ngd, gemenskapen i grupperna \u00f6kar och barnen f\u00e5r nya kompisar. Vi har det [&hellip;]<\/p>","protected":false},"author":156,"featured_media":0,"parent":0,"menu_order":24,"comment_status":"closed","ping_status":"closed","template":"","meta":{"_acf_changed":false,"footnotes":""},"categories":[],"tags":[],"sidmall":[],"class_list":["post-5401","page","type-page","status-publish","hentry"],"acf":[],"_links":{"self":[{"href":"https:\/\/nykoping.jonasmelchersonlab.se\/en\/wp-json\/wp\/v2\/pages\/5401","targetHints":{"allow":["GET"]}}],"collection":[{"href":"https:\/\/nykoping.jonasmelchersonlab.se\/en\/wp-json\/wp\/v2\/pages"}],"about":[{"href":"https:\/\/nykoping.jonasmelchersonlab.se\/en\/wp-json\/wp\/v2\/types\/page"}],"author":[{"embeddable":true,"href":"https:\/\/nykoping.jonasmelchersonlab.se\/en\/wp-json\/wp\/v2\/users\/156"}],"replies":[{"embeddable":true,"href":"https:\/\/nykoping.jonasmelchersonlab.se\/en\/wp-json\/wp\/v2\/comments?post=5401"}],"version-history":[{"count":0,"href":"https:\/\/nykoping.jonasmelchersonlab.se\/en\/wp-json\/wp\/v2\/pages\/5401\/revisions"}],"wp:attachment":[{"href":"https:\/\/nykoping.jonasmelchersonlab.se\/en\/wp-json\/wp\/v2\/media?parent=5401"}],"wp:term":[{"taxonomy":"category","embeddable":true,"href":"https:\/\/nykoping.jonasmelchersonlab.se\/en\/wp-json\/wp\/v2\/categories?post=5401"},{"taxonomy":"post_tag","embeddable":true,"href":"https:\/\/nykoping.jonasmelchersonlab.se\/en\/wp-json\/wp\/v2\/tags?post=5401"},{"taxonomy":"sidmall","embeddable":true,"href":"https:\/\/nykoping.jonasmelchersonlab.se\/en\/wp-json\/wp\/v2\/sidmall?post=5401"}],"curies":[{"name":"wp","href":"https:\/\/api.w.org\/{rel}","templated":true}]}}