{"id":51,"date":"2010-04-27T13:16:03","date_gmt":"2010-04-27T13:16:03","guid":{"rendered":"\/?page_id=51"},"modified":"2025-09-15T18:48:34","modified_gmt":"2025-09-15T18:48:34","slug":"vara-pedagoger","status":"publish","type":"page","link":"https:\/\/nykoping.jonasmelchersonlab.se\/en\/om-barnens-gymnastikskola\/vara-pedagoger\/","title":{"rendered":"Our educators"},"content":{"rendered":"<p>V\u00e5ra pedagoger har det gemensamt att de \u00e4lskar barn. Pedagogerna genomg\u00e5r ocks\u00e5 v\u00e5r interna utbildning fyra g\u00e5nger om \u00e5ret. De utbildas d\u00e5 i barnpedagogik, motorik och gymnastik samt ledarskap och drama, men \u00e4ven i marknadsf\u00f6ring, f\u00f6rs\u00e4ljning och varum\u00e4rkesfr\u00e5gor. Samtliga pedagoger certifieras dessutom i hj\u00e4rt-lungr\u00e4ddning samt f\u00f6rsta hj\u00e4lpen f\u00f6r barn.<\/p>\n\n\n\n<p><\/p>","protected":false},"excerpt":{"rendered":"<p>V\u00e5ra pedagoger har det gemensamt att de \u00e4lskar barn. Pedagogerna genomg\u00e5r ocks\u00e5 v\u00e5r interna utbildning fyra g\u00e5nger om \u00e5ret. De utbildas d\u00e5 i barnpedagogik, motorik och gymnastik samt ledarskap och drama, men \u00e4ven i marknadsf\u00f6ring, f\u00f6rs\u00e4ljning och varum\u00e4rkesfr\u00e5gor. Samtliga pedagoger certifieras dessutom i hj\u00e4rt-lungr\u00e4ddning samt f\u00f6rsta hj\u00e4lpen f\u00f6r barn.<\/p>","protected":false},"author":156,"featured_media":13469,"parent":44,"menu_order":37,"comment_status":"closed","ping_status":"closed","template":"","meta":{"_acf_changed":false,"footnotes":""},"categories":[261],"tags":[],"sidmall":[253],"class_list":["post-51","page","type-page","status-publish","has-post-thumbnail","hentry","category-om-oss","sidmall-bild-topp-kraver-bild-med-minst-1920-pixlar-bredd"],"acf":[],"_links":{"self":[{"href":"https:\/\/nykoping.jonasmelchersonlab.se\/en\/wp-json\/wp\/v2\/pages\/51","targetHints":{"allow":["GET"]}}],"collection":[{"href":"https:\/\/nykoping.jonasmelchersonlab.se\/en\/wp-json\/wp\/v2\/pages"}],"about":[{"href":"https:\/\/nykoping.jonasmelchersonlab.se\/en\/wp-json\/wp\/v2\/types\/page"}],"author":[{"embeddable":true,"href":"https:\/\/nykoping.jonasmelchersonlab.se\/en\/wp-json\/wp\/v2\/users\/156"}],"replies":[{"embeddable":true,"href":"https:\/\/nykoping.jonasmelchersonlab.se\/en\/wp-json\/wp\/v2\/comments?post=51"}],"version-history":[{"count":4,"href":"https:\/\/nykoping.jonasmelchersonlab.se\/en\/wp-json\/wp\/v2\/pages\/51\/revisions"}],"predecessor-version":[{"id":13473,"href":"https:\/\/nykoping.jonasmelchersonlab.se\/en\/wp-json\/wp\/v2\/pages\/51\/revisions\/13473"}],"up":[{"embeddable":true,"href":"https:\/\/nykoping.jonasmelchersonlab.se\/en\/wp-json\/wp\/v2\/pages\/44"}],"wp:featuredmedia":[{"embeddable":true,"href":"https:\/\/nykoping.jonasmelchersonlab.se\/en\/wp-json\/wp\/v2\/media\/13469"}],"wp:attachment":[{"href":"https:\/\/nykoping.jonasmelchersonlab.se\/en\/wp-json\/wp\/v2\/media?parent=51"}],"wp:term":[{"taxonomy":"category","embeddable":true,"href":"https:\/\/nykoping.jonasmelchersonlab.se\/en\/wp-json\/wp\/v2\/categories?post=51"},{"taxonomy":"post_tag","embeddable":true,"href":"https:\/\/nykoping.jonasmelchersonlab.se\/en\/wp-json\/wp\/v2\/tags?post=51"},{"taxonomy":"sidmall","embeddable":true,"href":"https:\/\/nykoping.jonasmelchersonlab.se\/en\/wp-json\/wp\/v2\/sidmall?post=51"}],"curies":[{"name":"wp","href":"https:\/\/api.w.org\/{rel}","templated":true}]}}