{"id":5,"date":"2010-04-27T08:57:33","date_gmt":"2010-04-27T08:57:33","guid":{"rendered":"\/?page_id=5"},"modified":"2025-09-12T11:45:06","modified_gmt":"2025-09-12T11:45:06","slug":"kurser-for-barn","status":"publish","type":"page","link":"https:\/\/nykoping.jonasmelchersonlab.se\/en\/kurser-for-barn\/","title":{"rendered":"Courses for children"},"content":{"rendered":"<p>In the fall of 2024, we can offer places for children born between 2012 and 2023 (which is 10 months) without prior knowledge, as well as for children born between 2012 and 2018 with previous gymnastics experience. There are eight different courses, which are divided into different stages. Each semester consists of two periods\/stages.<\/p>\n\n\n\n<h3 class=\"wp-block-heading\">We have four course starts each academic year.<\/h3>\n\n\n\n<p>The first period of the fall starts week 34. Each course level consists of eight lessons, course fee 1,750 SEK.<\/p>\n\n\n\n<p>At Gymnastics - speed\/basic training older\/continued\/advanced, the courses are held in semesters, courses start in week 34.<\/p>\n\n\n\n<p>One semester consists of 16 lessons, course fee 3,510 SEK (45-minute lessons, 3,350 SEK).<\/p>\n\n\n\n<p>You can find more information about all our courses for children under the links on the right.<\/p>\n\n\n\n<h4 class=\"wp-block-heading\">If you are unsure about choosing a course<\/h4>\n\n\n\n<p>Fill in information about your child below and we will help you choose the right one.<\/p>","protected":false},"excerpt":{"rendered":"<p>Vi har 8 olika kurser f\u00f6r barn f\u00f6dda 2006-2020. Vi v\u00e4lkomnar barn f\u00f6dda 2010-2020 utan f\u00f6rkunskaper, men har ocks\u00e5 kurser f\u00f6r barn f\u00f6dda 2006-2015 med tidigare gymnastikerfarenhet.<\/p>","protected":false},"author":140,"featured_media":329,"parent":0,"menu_order":28,"comment_status":"closed","ping_status":"closed","template":"","meta":{"_acf_changed":false,"footnotes":""},"categories":[16],"tags":[],"sidmall":[],"class_list":["post-5","page","type-page","status-publish","has-post-thumbnail","hentry","category-service-och-information"],"acf":[],"_links":{"self":[{"href":"https:\/\/nykoping.jonasmelchersonlab.se\/en\/wp-json\/wp\/v2\/pages\/5","targetHints":{"allow":["GET"]}}],"collection":[{"href":"https:\/\/nykoping.jonasmelchersonlab.se\/en\/wp-json\/wp\/v2\/pages"}],"about":[{"href":"https:\/\/nykoping.jonasmelchersonlab.se\/en\/wp-json\/wp\/v2\/types\/page"}],"author":[{"embeddable":true,"href":"https:\/\/nykoping.jonasmelchersonlab.se\/en\/wp-json\/wp\/v2\/users\/140"}],"replies":[{"embeddable":true,"href":"https:\/\/nykoping.jonasmelchersonlab.se\/en\/wp-json\/wp\/v2\/comments?post=5"}],"version-history":[{"count":1,"href":"https:\/\/nykoping.jonasmelchersonlab.se\/en\/wp-json\/wp\/v2\/pages\/5\/revisions"}],"predecessor-version":[{"id":13390,"href":"https:\/\/nykoping.jonasmelchersonlab.se\/en\/wp-json\/wp\/v2\/pages\/5\/revisions\/13390"}],"wp:featuredmedia":[{"embeddable":true,"href":"https:\/\/nykoping.jonasmelchersonlab.se\/en\/wp-json\/wp\/v2\/media\/329"}],"wp:attachment":[{"href":"https:\/\/nykoping.jonasmelchersonlab.se\/en\/wp-json\/wp\/v2\/media?parent=5"}],"wp:term":[{"taxonomy":"category","embeddable":true,"href":"https:\/\/nykoping.jonasmelchersonlab.se\/en\/wp-json\/wp\/v2\/categories?post=5"},{"taxonomy":"post_tag","embeddable":true,"href":"https:\/\/nykoping.jonasmelchersonlab.se\/en\/wp-json\/wp\/v2\/tags?post=5"},{"taxonomy":"sidmall","embeddable":true,"href":"https:\/\/nykoping.jonasmelchersonlab.se\/en\/wp-json\/wp\/v2\/sidmall?post=5"}],"curies":[{"name":"wp","href":"https:\/\/api.w.org\/{rel}","templated":true}]}}