{"id":47,"date":"2010-04-27T13:14:50","date_gmt":"2010-04-27T13:14:50","guid":{"rendered":"\/?page_id=47"},"modified":"2025-09-15T18:27:58","modified_gmt":"2025-09-15T18:27:58","slug":"var-filosofi","status":"publish","type":"page","link":"https:\/\/nykoping.jonasmelchersonlab.se\/en\/om-barnens-gymnastikskola\/var-filosofi\/","title":{"rendered":"Our philosophy"},"content":{"rendered":"<p>I Barnens Gymnastikskola anser vi att fysisk aktivitet \u00e4r en k\u00e4lla till gl\u00e4dje d\u00e4r inte bara motoriken tr\u00e4nas utan \u00e4ven kroppsuppfattningen, koncentrationsf\u00f6rm\u00e5gan, rumsuppfattningen och f\u00f6rm\u00e5gan att kunna ta instruktioner.<\/p>\n<p>Varje lektion \u00e4r uppbyggd p\u00e5 samma s\u00e4tt, f\u00f6r att s\u00e4kerst\u00e4lla att alla de olika momenten vi vill tr\u00e4na ber\u00f6rs vid varje tillf\u00e4lle. Vi har sm\u00e5 grupper med flera pedagoger f\u00f6r att kunna ge alla barn i gruppen uppm\u00e4rksamhet och individuellt st\u00f6d i utvecklingen.<\/p>\n<p>Lektionen b\u00f6rjar med en kort samling, sedan f\u00f6ljer uppv\u00e4rmning genom lek. Efter det tr\u00e4nar vi r\u00f6relse till musik, ibland med en r\u00f6relsest\u00f6dd s\u00e5ng och vid andra tillf\u00e4llen med inspelad musik. Dagens motoriska grundmoment tr\u00e4nas sedan med stationstr\u00e4ning eller redskapsbana. Till sist har vi en avslappning innan vi samlas f\u00f6r att avsluta dagens tr\u00e4ning.<\/p>\n<p>Alla v\u00e5ra kurser \u00e4r manualstyrda s\u00e5 vi kan f\u00f6rs\u00e4kra oss om att vi f\u00e5r med alla moment samt att vi h\u00e5ller samma kvalit\u00e9 ute i alla v\u00e5ra grupper. Vi utvecklar st\u00e4ndigt v\u00e5ra manualer f\u00f6r att kunna uppr\u00e4tth\u00e5lla kvalit\u00e9n.<\/p>\n<p>V\u00e5ra pedagoger jobbar utifr\u00e5n v\u00e4rdegrunderna Passion, Ansvar, Kommunikation, Kompetens och S\u00e4kerhet, och genomg\u00e5r varje l\u00e4s\u00e5r fyra internutbildningar f\u00f6r att vi hela tiden ska kunna utveckla gymnastikskolan.<\/p>\n\n\n<p><\/p>","protected":false},"excerpt":{"rendered":"<p>I Barnens Gymnastikskola anser vi att fysisk aktivitet \u00e4r en k\u00e4lla till gl\u00e4dje d\u00e4r inte bara motoriken tr\u00e4nas utan \u00e4ven kroppsuppfattningen, koncentrationsf\u00f6rm\u00e5gan, rumsuppfattningen och f\u00f6rm\u00e5gan att kunna ta instruktioner. Varje lektion \u00e4r uppbyggd p\u00e5 samma s\u00e4tt, f\u00f6r att s\u00e4kerst\u00e4lla att alla de olika momenten vi vill tr\u00e4na ber\u00f6rs vid varje tillf\u00e4lle. Vi har sm\u00e5 grupper [&hellip;]<\/p>","protected":false},"author":156,"featured_media":0,"parent":44,"menu_order":33,"comment_status":"closed","ping_status":"closed","template":"","meta":{"_acf_changed":false,"footnotes":""},"categories":[261],"tags":[],"sidmall":[254],"class_list":["post-47","page","type-page","status-publish","hentry","category-om-oss","sidmall-ingen-bild"],"acf":[],"_links":{"self":[{"href":"https:\/\/nykoping.jonasmelchersonlab.se\/en\/wp-json\/wp\/v2\/pages\/47","targetHints":{"allow":["GET"]}}],"collection":[{"href":"https:\/\/nykoping.jonasmelchersonlab.se\/en\/wp-json\/wp\/v2\/pages"}],"about":[{"href":"https:\/\/nykoping.jonasmelchersonlab.se\/en\/wp-json\/wp\/v2\/types\/page"}],"author":[{"embeddable":true,"href":"https:\/\/nykoping.jonasmelchersonlab.se\/en\/wp-json\/wp\/v2\/users\/156"}],"replies":[{"embeddable":true,"href":"https:\/\/nykoping.jonasmelchersonlab.se\/en\/wp-json\/wp\/v2\/comments?post=47"}],"version-history":[{"count":3,"href":"https:\/\/nykoping.jonasmelchersonlab.se\/en\/wp-json\/wp\/v2\/pages\/47\/revisions"}],"predecessor-version":[{"id":13456,"href":"https:\/\/nykoping.jonasmelchersonlab.se\/en\/wp-json\/wp\/v2\/pages\/47\/revisions\/13456"}],"up":[{"embeddable":true,"href":"https:\/\/nykoping.jonasmelchersonlab.se\/en\/wp-json\/wp\/v2\/pages\/44"}],"wp:attachment":[{"href":"https:\/\/nykoping.jonasmelchersonlab.se\/en\/wp-json\/wp\/v2\/media?parent=47"}],"wp:term":[{"taxonomy":"category","embeddable":true,"href":"https:\/\/nykoping.jonasmelchersonlab.se\/en\/wp-json\/wp\/v2\/categories?post=47"},{"taxonomy":"post_tag","embeddable":true,"href":"https:\/\/nykoping.jonasmelchersonlab.se\/en\/wp-json\/wp\/v2\/tags?post=47"},{"taxonomy":"sidmall","embeddable":true,"href":"https:\/\/nykoping.jonasmelchersonlab.se\/en\/wp-json\/wp\/v2\/sidmall?post=47"}],"curies":[{"name":"wp","href":"https:\/\/api.w.org\/{rel}","templated":true}]}}