{"id":4642,"date":"2018-12-02T17:54:16","date_gmt":"2018-12-02T17:54:16","guid":{"rendered":"http:\/\/barnensgymnastikskola.se\/?page_id=4642"},"modified":"2018-12-02T17:54:16","modified_gmt":"2018-12-02T17:54:16","slug":"pt-for-barn","status":"publish","type":"page","link":"https:\/\/nykoping.jonasmelchersonlab.se\/en\/pt-for-barn\/","title":{"rendered":"PT f\u00f6r barn"},"content":{"rendered":"<p>Vi har under det senaste l\u00e4s\u00e5ret haft en \u00f6kande efterfr\u00e5gan av privat tr\u00e4ning i gymnastik, provat och har f\u00e5tt positiv respons p\u00e5 detta. D\u00e4rf\u00f6r \u00f6ppnar vi nu upp f\u00f6r att ut\u00f6ver v\u00e5ra kurser ocks\u00e5 erbjuda privat tr\u00e4ning i gymnastik.<\/p>\n<p>Tr\u00e4ningen anpassas helt efter barnets behov och \u00f6nskem\u00e5l, t.ex. motorisk tr\u00e4ning, teknisk gymnastik eller f\u00f6rdjupning i en specifik \u00f6vning.<\/p>\n<p>Lektionerna h\u00e5lls i Bryngelstorpsskolans gymnastiksal med n\u00e5gon av v\u00e5ra huvudpedagoger.<\/p>\n<p>Fee PT children, 45 min:<\/p>\n<p>1 barn 580 kr<br \/>\n2 children 750 SEK<br \/>\n3 children 850 SEK<\/p>\n<p>Bookings are made via email or telephone.<br \/>\nE-post: nykoping@barnensgymnastikskola.se<br \/>\nTelefon: 0155-21 22 27<\/p>\n<p><a href=\"http:\/\/media.barnensgymnastikskola.se\/PT.png\"><img fetchpriority=\"high\" decoding=\"async\" class=\"alignnone size-medium wp-image-3510\" src=\"http:\/\/media.barnensgymnastikskola.se\/PT-258x300.png\" alt=\"\" width=\"258\" height=\"300\" \/><\/a><\/p>","protected":false},"excerpt":{"rendered":"<p>Vi har under det senaste l\u00e4s\u00e5ret haft en \u00f6kande efterfr\u00e5gan av privat tr\u00e4ning i gymnastik, provat och har f\u00e5tt positiv respons p\u00e5 detta. D\u00e4rf\u00f6r \u00f6ppnar vi nu upp f\u00f6r att ut\u00f6ver v\u00e5ra kurser ocks\u00e5 erbjuda privat tr\u00e4ning i gymnastik. Tr\u00e4ningen anpassas helt efter barnets behov och \u00f6nskem\u00e5l, t.ex. motorisk tr\u00e4ning, teknisk gymnastik eller f\u00f6rdjupning i [&hellip;]<\/p>","protected":false},"author":156,"featured_media":0,"parent":0,"menu_order":20,"comment_status":"closed","ping_status":"closed","template":"","meta":{"_acf_changed":false,"footnotes":""},"categories":[],"tags":[],"sidmall":[],"class_list":["post-4642","page","type-page","status-publish","hentry"],"acf":[],"_links":{"self":[{"href":"https:\/\/nykoping.jonasmelchersonlab.se\/en\/wp-json\/wp\/v2\/pages\/4642","targetHints":{"allow":["GET"]}}],"collection":[{"href":"https:\/\/nykoping.jonasmelchersonlab.se\/en\/wp-json\/wp\/v2\/pages"}],"about":[{"href":"https:\/\/nykoping.jonasmelchersonlab.se\/en\/wp-json\/wp\/v2\/types\/page"}],"author":[{"embeddable":true,"href":"https:\/\/nykoping.jonasmelchersonlab.se\/en\/wp-json\/wp\/v2\/users\/156"}],"replies":[{"embeddable":true,"href":"https:\/\/nykoping.jonasmelchersonlab.se\/en\/wp-json\/wp\/v2\/comments?post=4642"}],"version-history":[{"count":0,"href":"https:\/\/nykoping.jonasmelchersonlab.se\/en\/wp-json\/wp\/v2\/pages\/4642\/revisions"}],"wp:attachment":[{"href":"https:\/\/nykoping.jonasmelchersonlab.se\/en\/wp-json\/wp\/v2\/media?parent=4642"}],"wp:term":[{"taxonomy":"category","embeddable":true,"href":"https:\/\/nykoping.jonasmelchersonlab.se\/en\/wp-json\/wp\/v2\/categories?post=4642"},{"taxonomy":"post_tag","embeddable":true,"href":"https:\/\/nykoping.jonasmelchersonlab.se\/en\/wp-json\/wp\/v2\/tags?post=4642"},{"taxonomy":"sidmall","embeddable":true,"href":"https:\/\/nykoping.jonasmelchersonlab.se\/en\/wp-json\/wp\/v2\/sidmall?post=4642"}],"curies":[{"name":"wp","href":"https:\/\/api.w.org\/{rel}","templated":true}]}}