{"id":4633,"date":"2018-11-19T12:42:03","date_gmt":"2018-11-19T12:42:03","guid":{"rendered":"http:\/\/barnensgymnastikskola.se\/?page_id=4633"},"modified":"2018-11-19T12:42:03","modified_gmt":"2018-11-19T12:42:03","slug":"sommarlager","status":"publish","type":"page","link":"https:\/\/nykoping.jonasmelchersonlab.se\/en\/sommarlager\/","title":{"rendered":"Sommarl\u00e4ger"},"content":{"rendered":"<h3 style=\"text-align: center\"><a href=\"http:\/\/media.barnensgymnastikskola.se\/2014\/02\/sommarlager-v25-20160621_151017.jpg\"><img fetchpriority=\"high\" decoding=\"async\" class=\"alignnone wp-image-3418\" src=\"http:\/\/media.barnensgymnastikskola.se\/2014\/02\/sommarlager-v25-20160621_151017-300x144.jpg\" alt=\"\" width=\"610\" height=\"293\" srcset=\"https:\/\/nykoping.jonasmelchersonlab.se\/wp-content\/uploads\/sites\/3\/2014\/02\/sommarlager-v25-20160621_151017-300x144.jpg 300w, https:\/\/nykoping.jonasmelchersonlab.se\/wp-content\/uploads\/sites\/3\/2014\/02\/sommarlager-v25-20160621_151017-600x289.jpg 600w, https:\/\/nykoping.jonasmelchersonlab.se\/wp-content\/uploads\/sites\/3\/2014\/02\/sommarlager-v25-20160621_151017-768x370.jpg 768w, https:\/\/nykoping.jonasmelchersonlab.se\/wp-content\/uploads\/sites\/3\/2014\/02\/sommarlager-v25-20160621_151017-1024x493.jpg 1024w, https:\/\/nykoping.jonasmelchersonlab.se\/wp-content\/uploads\/sites\/3\/2014\/02\/sommarlager-v25-20160621_151017.jpg 1280w\" sizes=\"(max-width: 610px) 100vw, 610px\" \/><\/a><\/h3>\n<h3 style=\"text-align: center\">Dagl\u00e4ger sommar 2025<\/h3>\n<p><strong>Dagl\u00e4ger f\u00f6r barn f\u00f6dda 2010-2019 som g\u00e5r Gymnastik grundtr\u00e4ning, Gymnastik forts\u00e4ttning och Gymnastik avancerad. <\/strong><\/p>\n<p><span style=\"color: #000095\"><strong>L\u00e4ger 1: Vecka 25, 16-19 juni 2025. <\/strong>F\u00f6r barn f\u00f6dda 2010-2018 som g\u00e5r Gymnastik forts\u00e4ttning, Gymnastik Avancerad och Gymnastik grundtr\u00e4ning \u00c4ldre. <strong><span style=\"color: #ce0000\">Fullt!<\/span><\/strong><\/span><\/p>\n<p><span style=\"color: #000095\"><strong>L\u00e4ger 2: Vecka 26, 23-26 juni 2025. <\/strong>F\u00f6r barn f\u00f6dda 2015-2019 som g\u00e5r Gymnastik grundtr\u00e4ning, Gymnastik forts\u00e4ttning och \u00e4ven barn som inte g\u00e5r i verksamheten. <strong><span style=\"color: #ff0000\">Enstaka platser kvar!<\/span><\/strong><\/span><\/p>\n<p>Att vara p\u00e5 sommarl\u00e4ger \u00e4r fantastiskt roligt! Barnen mognar och utvecklas genom att vara p\u00e5 l\u00e4ger, volterna lossnar d\u00e5 de f\u00e5r en stor tr\u00e4ningsm\u00e4ngd, gemenskapen i grupperna \u00f6kar och barnen f\u00e5r nya kompisar. Vi har det helt enkelt b\u00e5de roligt och l\u00e4rorikt!<\/p>\n<p style=\"text-align: left\">L\u00e4gret, som p\u00e5g\u00e5r under fyra dagar, v\u00e4nder sig till barn i verksamheten som \u00e4r f\u00f6dda 2010-2019 och som minst g\u00e5tt n\u00e5got av stegen p\u00e5 Gymnastik grundtr\u00e4ning och vi v\u00e4lkomnar \u00e4ven barn som inte g\u00e5r i v\u00e5r verksamhet l\u00e4gret vecka 26. Gymnasterna delas under l\u00e4gret in i mindre grupper efter \u00e5lder och kunskap.<\/p>\n<h3 style=\"text-align: center\">Program<\/h3>\n<p style=\"text-align: left\">09.00-09.20 L\u00e4mning L\u00e5ngbergsskolans gymnastiksal<br \/>\n09.20 Gymnastiktr\u00e4ning<br \/>\n10.30 Fruit break<br \/>\n11.00 Continued gymnastics<br \/>\n12.00 Lunch<br \/>\n12.45 Reading aloud and rest<br \/>\n13.15 Till Hjortensbergsbadet d\u00e4r vi f\u00f6rutom att bada tar m\u00e4rken och tr\u00e4nar p\u00e5 livr\u00e4ddning<br \/>\n14.30 Snack<br \/>\n15.00 Fortsatta aktiviteter p\u00e5 Hjortensbergsbadet<br \/>\n15.30-16.00 H\u00e4mtning<br \/>\nSenast 16.00 m\u00e5ste ditt barn vara h\u00e4mtat.<\/p>\n<h3 style=\"text-align: center\">Terms<\/h3>\n<p style=\"text-align: left\"><span style=\"text-decoration: underline\">The registration is binding. <\/span>Vid anm\u00e4lan ska en anm\u00e4lningsavgift om 850 kr betalas inom 2 dagar, vilken inte \u00e5terbetalas. Slutbetalningen ska vara betald senast den 30 april. Vid avanm\u00e4lan efter 30 april utg\u00e5r full l\u00e4geravgift. Vid skada\/sjukdom \u00e5terbetalas l\u00e4geravgiften (med avdrag f\u00f6r 850 kr) mot uppvisande av l\u00e4karintyg, fram till 2 dagar innan f\u00f6rsta l\u00e4gerdagen. Efterdaterade l\u00e4karintyg godk\u00e4nnes ej. Efter den 13 juni (f\u00f6r l\u00e4gret v 25) respektive 20 juni (f\u00f6r l\u00e4gret v 26) g\u00f6rs ingen \u00e5terbetalning.<\/p>\n<h3 style=\"text-align: center\">Camp fee<\/h3>\n<p style=\"text-align: left\">SEK 2,950. The camp fee includes teachers, gym, fruit, lunch, snacks, craft materials, other activities.<\/p>\n<h3 style=\"text-align: center\">Signup<\/h3>\n<p style=\"text-align: left\">Anm\u00e4l ditt barn via anm\u00e4lningsformul\u00e4ret nedan. N\u00e4r anm\u00e4lan kommit in kommer du att f\u00e5 ett mail med bekr\u00e4ftelse och mer information. Antalet platser \u00e4r begr\u00e4nsat.<\/p>","protected":false},"excerpt":{"rendered":"<p>Dagl\u00e4ger sommar 2025 Dagl\u00e4ger f\u00f6r barn f\u00f6dda 2010-2019 som g\u00e5r Gymnastik grundtr\u00e4ning, Gymnastik forts\u00e4ttning och Gymnastik avancerad. L\u00e4ger 1: Vecka 25, 16-19 juni 2025. F\u00f6r barn f\u00f6dda 2010-2018 som g\u00e5r Gymnastik forts\u00e4ttning, Gymnastik Avancerad och Gymnastik grundtr\u00e4ning \u00c4ldre. Fullt! L\u00e4ger 2: Vecka 26, 23-26 juni 2025. F\u00f6r barn f\u00f6dda 2015-2019 som g\u00e5r Gymnastik grundtr\u00e4ning, Gymnastik [&hellip;]<\/p>","protected":false},"author":156,"featured_media":0,"parent":0,"menu_order":21,"comment_status":"closed","ping_status":"closed","template":"","meta":{"_acf_changed":false,"footnotes":""},"categories":[],"tags":[],"sidmall":[],"class_list":["post-4633","page","type-page","status-publish","hentry"],"acf":[],"_links":{"self":[{"href":"https:\/\/nykoping.jonasmelchersonlab.se\/en\/wp-json\/wp\/v2\/pages\/4633","targetHints":{"allow":["GET"]}}],"collection":[{"href":"https:\/\/nykoping.jonasmelchersonlab.se\/en\/wp-json\/wp\/v2\/pages"}],"about":[{"href":"https:\/\/nykoping.jonasmelchersonlab.se\/en\/wp-json\/wp\/v2\/types\/page"}],"author":[{"embeddable":true,"href":"https:\/\/nykoping.jonasmelchersonlab.se\/en\/wp-json\/wp\/v2\/users\/156"}],"replies":[{"embeddable":true,"href":"https:\/\/nykoping.jonasmelchersonlab.se\/en\/wp-json\/wp\/v2\/comments?post=4633"}],"version-history":[{"count":1,"href":"https:\/\/nykoping.jonasmelchersonlab.se\/en\/wp-json\/wp\/v2\/pages\/4633\/revisions"}],"predecessor-version":[{"id":13543,"href":"https:\/\/nykoping.jonasmelchersonlab.se\/en\/wp-json\/wp\/v2\/pages\/4633\/revisions\/13543"}],"wp:attachment":[{"href":"https:\/\/nykoping.jonasmelchersonlab.se\/en\/wp-json\/wp\/v2\/media?parent=4633"}],"wp:term":[{"taxonomy":"category","embeddable":true,"href":"https:\/\/nykoping.jonasmelchersonlab.se\/en\/wp-json\/wp\/v2\/categories?post=4633"},{"taxonomy":"post_tag","embeddable":true,"href":"https:\/\/nykoping.jonasmelchersonlab.se\/en\/wp-json\/wp\/v2\/tags?post=4633"},{"taxonomy":"sidmall","embeddable":true,"href":"https:\/\/nykoping.jonasmelchersonlab.se\/en\/wp-json\/wp\/v2\/sidmall?post=4633"}],"curies":[{"name":"wp","href":"https:\/\/api.w.org\/{rel}","templated":true}]}}