{"id":44,"date":"2010-04-27T13:13:56","date_gmt":"2010-04-27T13:13:56","guid":{"rendered":"\/?page_id=44"},"modified":"2025-09-15T18:20:06","modified_gmt":"2025-09-15T18:20:06","slug":"om-barnens-gymnastikskola","status":"publish","type":"page","link":"https:\/\/nykoping.jonasmelchersonlab.se\/en\/om-barnens-gymnastikskola\/","title":{"rendered":"Om Barnens Gymnastikskola i Nyk\u00f6ping"},"content":{"rendered":"<p>Barnens Gymnastikskola \u00e4r ett franchisebolag som startades sommaren 2017 av Carina Dillenbeck. Carina har m\u00e5ng\u00e5rig erfarenhet b\u00e5de som gymnast och som gymnastiktr\u00e4nare f\u00f6r barn mellan tv\u00e5 och 14 \u00e5r i Gymnastiktruppen Vikingarna och Liding\u00f6 Gymnastikskola. N\u00e4r hon flyttade till Link\u00f6ping 2007 f\u00f6r att studera till sjukgymnast var det med en tanke och \u00f6nskan om att n\u00e5gon g\u00e5ng \u00e5terkomma till barngymnastiken. Efter n\u00e5gra \u00e5r som sjukgymnast och med tv\u00e5 egna sm\u00e5 barn var tanken h\u00f6gaktuell. 10 \u00e5r senare startades s\u00e5ledes Barnens Gymnastikskola i Nyk\u00f6ping.<\/p>\n\n\n\n<p>Som franchisebolag drivs Barnens Gymnastikskola helt enligt Liding\u00f6 Gymnastikskolas koncept. Liding\u00f6 Gymnastikskola grundades 2003 och har idag \u00f6ver 900 barn i verksamheten p\u00e5 Liding\u00f6 och G\u00e4rdet i Stockholm. Hos oss&nbsp;erbjuds en h\u00f6gkvalitativ tr\u00e4ning utan t\u00e4vlingsmoment i sm\u00e5, ledart\u00e4ta grupper i sn\u00e4va \u00e5ldersintervall.&nbsp;Med v\u00e4lutbildade pedagoger med kompetens om motorisk utveckling och gymnastikteknik, s\u00e5 v\u00e4l som barnets allm\u00e4nna inl\u00e4rning vill vi inte bara tr\u00e4na barnets motorik och utveckla dem gymnastikm\u00e4ssigt, utan v\u00e5r ambition \u00e4r ocks\u00e5 att \u00f6ka den allm\u00e4nna inl\u00e4rningen och st\u00e4rka barnets sj\u00e4lvk\u00e4nsla genom reflektion och personlig utveckling.<\/p>\n\n\n\n<p>V\u00e5ra kurser \u00e4r manualstyrda f\u00f6r att vi ska kunna s\u00e4kerst\u00e4lla att vi levererar samma h\u00f6ga kvalitet p\u00e5 alla v\u00e5ra kurser och v\u00e5ra pedagoger genomg\u00e5r varje \u00e5r minst tio obligatoriska utbildningsdagar. Vi arbetar efter en stark v\u00e4rdegrund d\u00e4r vi med brinnande engagemang och h\u00f6g kompetens ser varje barn och dess behov.<\/p>\n\n\n\n<p>Mia Eriksson Holst, VD och grundare av Liding\u00f6 Gymnastikskola, har m\u00e5ng\u00e5rig och bred erfarenhet inom gymnastikv\u00e4rlden, bl a som gymnastiktr\u00e4nare p\u00e5 b\u00e5de bredd- och elitniv\u00e5 under 17 \u00e5rs tid i Gymnastiktruppen Vikingarna. Men ocks\u00e5 som utbildare p\u00e5 Gymnastikf\u00f6rbundet, domare och arrang\u00f6r av stora gymnastikl\u00e4ger b\u00e5de i Sverige och utomlands.<\/p>","protected":false},"excerpt":{"rendered":"<p>Barnens Gymnastikskola \u00e4r ett franchisebolag som startades sommaren 2017 av Carina Dillenbeck. Carina har m\u00e5ng\u00e5rig erfarenhet b\u00e5de som gymnast och som gymnastiktr\u00e4nare f\u00f6r barn mellan tv\u00e5 och 14 \u00e5r i Gymnastiktruppen Vikingarna och Liding\u00f6 Gymnastikskola. N\u00e4r hon flyttade till Link\u00f6ping 2007 f\u00f6r att studera till sjukgymnast var det med en tanke och \u00f6nskan om att [&hellip;]<\/p>","protected":false},"author":140,"featured_media":0,"parent":0,"menu_order":31,"comment_status":"closed","ping_status":"closed","template":"","meta":{"_acf_changed":false,"footnotes":""},"categories":[261],"tags":[],"sidmall":[254],"class_list":["post-44","page","type-page","status-publish","hentry","category-om-oss","sidmall-ingen-bild"],"acf":[],"_links":{"self":[{"href":"https:\/\/nykoping.jonasmelchersonlab.se\/en\/wp-json\/wp\/v2\/pages\/44","targetHints":{"allow":["GET"]}}],"collection":[{"href":"https:\/\/nykoping.jonasmelchersonlab.se\/en\/wp-json\/wp\/v2\/pages"}],"about":[{"href":"https:\/\/nykoping.jonasmelchersonlab.se\/en\/wp-json\/wp\/v2\/types\/page"}],"author":[{"embeddable":true,"href":"https:\/\/nykoping.jonasmelchersonlab.se\/en\/wp-json\/wp\/v2\/users\/140"}],"replies":[{"embeddable":true,"href":"https:\/\/nykoping.jonasmelchersonlab.se\/en\/wp-json\/wp\/v2\/comments?post=44"}],"version-history":[{"count":5,"href":"https:\/\/nykoping.jonasmelchersonlab.se\/en\/wp-json\/wp\/v2\/pages\/44\/revisions"}],"predecessor-version":[{"id":13550,"href":"https:\/\/nykoping.jonasmelchersonlab.se\/en\/wp-json\/wp\/v2\/pages\/44\/revisions\/13550"}],"wp:attachment":[{"href":"https:\/\/nykoping.jonasmelchersonlab.se\/en\/wp-json\/wp\/v2\/media?parent=44"}],"wp:term":[{"taxonomy":"category","embeddable":true,"href":"https:\/\/nykoping.jonasmelchersonlab.se\/en\/wp-json\/wp\/v2\/categories?post=44"},{"taxonomy":"post_tag","embeddable":true,"href":"https:\/\/nykoping.jonasmelchersonlab.se\/en\/wp-json\/wp\/v2\/tags?post=44"},{"taxonomy":"sidmall","embeddable":true,"href":"https:\/\/nykoping.jonasmelchersonlab.se\/en\/wp-json\/wp\/v2\/sidmall?post=44"}],"curies":[{"name":"wp","href":"https:\/\/api.w.org\/{rel}","templated":true}]}}