{"id":114,"date":"2010-05-23T20:34:55","date_gmt":"2010-05-23T20:34:55","guid":{"rendered":"\/?page_id=114"},"modified":"2025-09-12T12:59:27","modified_gmt":"2025-09-12T12:59:27","slug":"intresseanmalan","status":"publish","type":"page","link":"https:\/\/nykoping.jonasmelchersonlab.se\/en\/kurser-for-barn\/intresseanmalan\/","title":{"rendered":"Signup"},"content":{"rendered":"<p>The registration form below applies to registration for our children&#039;s gymnastics<\/p>\n<p>Each step consists of eight lessons, course fee SEK 1,750.<br \/>\nAt Gymnastics - continuation\/advanced or speed, the courses run semesterly. A semester consists of 16 lessons, course fee SEK 3,510<\/p>\n<p><strong>Don&#039;t forget to read through<\/strong> <strong>ours<\/strong> <a href=\"\/sv\/om-lidingo-gymnastikskola\/villkor-och-regler-for-lidingo-gymnastikskola\/\">terms and conditions!<\/a><\/p>\n<p>We are happy to answer your questions<br \/>\nE-mail: <a href=\"mailto:info@lidingogymnastikskola.se\">info@lidingogymnastikskola.se<\/a><br \/>\nPhone: 08-765 49 00<\/p>\n\n\n<p><\/p>","protected":false},"excerpt":{"rendered":"<p>Nedan anm\u00e4lningsformul\u00e4r g\u00e4ller anm\u00e4lan till v\u00e5r barngymnastik Varje steg best\u00e5r av \u00e5tta lektioner, kursavgift 1.750 kr. P\u00e5 Gymnastik &#8211; forts\u00e4ttning\/avancerad eller speed g\u00e5r kurserna terminsvis. En termin best\u00e5r av 16 lektioner, kursavgift 3.510 kr Gl\u00f6m inte att l\u00e4sa igenom v\u00e5ra villkor och regler! Vi svarar g\u00e4rna p\u00e5 dina fr\u00e5gor E-post: info@lidingogymnastikskola.se Telefon: 08-765 49 00<\/p>","protected":false},"author":140,"featured_media":8664,"parent":5,"menu_order":38,"comment_status":"closed","ping_status":"closed","template":"","meta":{"_acf_changed":false,"footnotes":""},"categories":[10],"tags":[],"sidmall":[],"class_list":["post-114","page","type-page","status-publish","has-post-thumbnail","hentry","category-praktiskt-kring-barnkurserna"],"acf":[],"_links":{"self":[{"href":"https:\/\/nykoping.jonasmelchersonlab.se\/en\/wp-json\/wp\/v2\/pages\/114","targetHints":{"allow":["GET"]}}],"collection":[{"href":"https:\/\/nykoping.jonasmelchersonlab.se\/en\/wp-json\/wp\/v2\/pages"}],"about":[{"href":"https:\/\/nykoping.jonasmelchersonlab.se\/en\/wp-json\/wp\/v2\/types\/page"}],"author":[{"embeddable":true,"href":"https:\/\/nykoping.jonasmelchersonlab.se\/en\/wp-json\/wp\/v2\/users\/140"}],"replies":[{"embeddable":true,"href":"https:\/\/nykoping.jonasmelchersonlab.se\/en\/wp-json\/wp\/v2\/comments?post=114"}],"version-history":[{"count":2,"href":"https:\/\/nykoping.jonasmelchersonlab.se\/en\/wp-json\/wp\/v2\/pages\/114\/revisions"}],"predecessor-version":[{"id":13444,"href":"https:\/\/nykoping.jonasmelchersonlab.se\/en\/wp-json\/wp\/v2\/pages\/114\/revisions\/13444"}],"up":[{"embeddable":true,"href":"https:\/\/nykoping.jonasmelchersonlab.se\/en\/wp-json\/wp\/v2\/pages\/5"}],"wp:featuredmedia":[{"embeddable":true,"href":"https:\/\/nykoping.jonasmelchersonlab.se\/en\/wp-json\/wp\/v2\/media\/8664"}],"wp:attachment":[{"href":"https:\/\/nykoping.jonasmelchersonlab.se\/en\/wp-json\/wp\/v2\/media?parent=114"}],"wp:term":[{"taxonomy":"category","embeddable":true,"href":"https:\/\/nykoping.jonasmelchersonlab.se\/en\/wp-json\/wp\/v2\/categories?post=114"},{"taxonomy":"post_tag","embeddable":true,"href":"https:\/\/nykoping.jonasmelchersonlab.se\/en\/wp-json\/wp\/v2\/tags?post=114"},{"taxonomy":"sidmall","embeddable":true,"href":"https:\/\/nykoping.jonasmelchersonlab.se\/en\/wp-json\/wp\/v2\/sidmall?post=114"}],"curies":[{"name":"wp","href":"https:\/\/api.w.org\/{rel}","templated":true}]}}